{"id":24,"date":"2023-10-06T13:57:27","date_gmt":"2023-10-06T11:57:27","guid":{"rendered":"https:\/\/paulcamus.fr\/?page_id=24"},"modified":"2023-11-22T14:19:38","modified_gmt":"2023-11-22T13:19:38","slug":"avertissement","status":"publish","type":"page","link":"https:\/\/paulcamus.fr\/index.php\/avertissement\/","title":{"rendered":"Avertissement"},"content":{"rendered":"\n<p>En 2004, lorsque nous avons d\u00e9cid\u00e9 de r\u00e9\u00e9diter \u00ab\u00a0le Camus\u00a0\u00bb, nous \u00e9tions vraiment d\u00e9sempar\u00e9s devant l\u2019ampleur du travail, et la d\u00e9licate restitution de l\u2019\u0153uvre que nous devions assurer. Mais tr\u00e8s rapidement un r\u00e9seau de soutien insoup\u00e7onn\u00e9 de notre part s\u2019est form\u00e9 autour de nous par le biais du lancement de la souscription et nous a vivement encourag\u00e9s \u00e0 faire cette r\u00e9alisation.&nbsp; C\u2019est r\u00e9ellement \u00e0 cette occasion que nous avons r\u00e9alis\u00e9 le caract\u00e8re persistant du souvenir que Paul CAMUS avait laiss\u00e9 dans notre merveilleux petit coin des Bouti\u00e8res. Ce formidable \u00e9lan nous a aid\u00e9s dans ce travail qui \u00e9tait pour nous un devoir de m\u00e9moire \u00e0 l\u2019\u00e9gard de cet homme exceptionnel qu\u2019\u00e9tait Paul CAMUS. Certains ont essay\u00e9 de nous influencer en voulant nous faire corriger, actualiser certains passages, mais notre d\u00e9sir \u00e9tait de livrer l\u2019\u0153uvre de Paul CAMUS telle qu\u2019il l\u2019avait \u00e9crite. A cette occasion, nous avons collect\u00e9 des t\u00e9moignages touchants de la bont\u00e9 et de la g\u00e9n\u00e9rosit\u00e9 dont les \u00e9poux CAMUS avaient fait preuve tout au long de leur vie pour les habitants de Saint-Martial.<\/p>\n","protected":false},"excerpt":{"rendered":"<p>En 2004, lorsque nous avons d\u00e9cid\u00e9 de r\u00e9\u00e9diter \u00ab\u00a0le Camus\u00a0\u00bb, nous \u00e9tions vraiment d\u00e9sempar\u00e9s devant l\u2019ampleur du travail, et la d\u00e9licate restitution de l\u2019\u0153uvre que nous devions assurer. Mais tr\u00e8s rapidement un r\u00e9seau de soutien insoup\u00e7onn\u00e9 de notre part s\u2019est form\u00e9 autour de nous par &hellip; <\/p>\n","protected":false},"author":1,"featured_media":0,"parent":0,"menu_order":1,"comment_status":"closed","ping_status":"closed","template":"","meta":{"footnotes":""},"class_list":["post-24","page","type-page","status-publish","hentry"],"_links":{"self":[{"href":"https:\/\/paulcamus.fr\/index.php\/wp-json\/wp\/v2\/pages\/24","targetHints":{"allow":["GET"]}}],"collection":[{"href":"https:\/\/paulcamus.fr\/index.php\/wp-json\/wp\/v2\/pages"}],"about":[{"href":"https:\/\/paulcamus.fr\/index.php\/wp-json\/wp\/v2\/types\/page"}],"author":[{"embeddable":true,"href":"https:\/\/paulcamus.fr\/index.php\/wp-json\/wp\/v2\/users\/1"}],"replies":[{"embeddable":true,"href":"https:\/\/paulcamus.fr\/index.php\/wp-json\/wp\/v2\/comments?post=24"}],"version-history":[{"count":2,"href":"https:\/\/paulcamus.fr\/index.php\/wp-json\/wp\/v2\/pages\/24\/revisions"}],"predecessor-version":[{"id":26,"href":"https:\/\/paulcamus.fr\/index.php\/wp-json\/wp\/v2\/pages\/24\/revisions\/26"}],"wp:attachment":[{"href":"https:\/\/paulcamus.fr\/index.php\/wp-json\/wp\/v2\/media?parent=24"}],"curies":[{"name":"wp","href":"https:\/\/api.w.org\/{rel}","templated":true}]}}